{"id":2000,"date":"2024-04-02T10:19:34","date_gmt":"2024-04-02T08:19:34","guid":{"rendered":"https:\/\/train-with-brain.com\/?page_id=2000"},"modified":"2024-08-29T00:44:19","modified_gmt":"2024-08-28T22:44:19","slug":"impressum","status":"publish","type":"page","link":"https:\/\/train-with-brain.com\/en\/impressum\/","title":{"rendered":"Imprint"},"content":{"rendered":"<div data-elementor-type=\"wp-page\" data-elementor-id=\"2000\" class=\"elementor elementor-2000\" data-elementor-post-type=\"page\">\n\t\t\t\t<div class=\"elementor-element elementor-element-eef5d6e e-con-full hero-slider e-flex e-con e-parent\" data-id=\"eef5d6e\" data-element_type=\"container\">\n\t\t\t\t<div class=\"elementor-element elementor-element-2a58525 elementor--h-position-center elementor--v-position-middle elementor-pagination-position-inside elementor-widget elementor-widget-slides\" data-id=\"2a58525\" data-element_type=\"widget\" data-settings=\"{&quot;navigation&quot;:&quot;dots&quot;,&quot;autoplay&quot;:&quot;yes&quot;,&quot;pause_on_hover&quot;:&quot;yes&quot;,&quot;pause_on_interaction&quot;:&quot;yes&quot;,&quot;autoplay_speed&quot;:5000,&quot;infinite&quot;:&quot;yes&quot;,&quot;transition&quot;:&quot;slide&quot;,&quot;transition_speed&quot;:500}\" data-widget_type=\"slides.default\">\n\t\t\t\t<div class=\"elementor-widget-container\">\n\t\t\t<style>\/*! elementor-pro - v3.21.0 - 15-04-2024 *\/\n.elementor-slides .swiper-slide-bg{background-size:cover;background-position:50%;background-repeat:no-repeat;min-width:100%;min-height:100%}.elementor-slides .swiper-slide-inner{background-repeat:no-repeat;background-position:50%;position:absolute;top:0;left:0;bottom:0;right:0;padding:50px;margin:auto}.elementor-slides .swiper-slide-inner,.elementor-slides .swiper-slide-inner:hover{color:#fff;display:flex}.elementor-slides .swiper-slide-inner .elementor-background-overlay{position:absolute;z-index:0;top:0;bottom:0;left:0;right:0}.elementor-slides .swiper-slide-inner .elementor-slide-content{position:relative;z-index:1;width:100%}.elementor-slides .swiper-slide-inner .elementor-slide-heading{font-size:35px;font-weight:700;line-height:1}.elementor-slides .swiper-slide-inner .elementor-slide-description{font-size:17px;line-height:1.4}.elementor-slides .swiper-slide-inner .elementor-slide-description:not(:last-child),.elementor-slides .swiper-slide-inner .elementor-slide-heading:not(:last-child){margin-bottom:30px}.elementor-slides .swiper-slide-inner .elementor-slide-button{border:2px solid #fff;color:#fff;background:transparent;display:inline-block}.elementor-slides .swiper-slide-inner .elementor-slide-button,.elementor-slides .swiper-slide-inner .elementor-slide-button:hover{background:transparent;color:inherit;text-decoration:none}.elementor--v-position-top .swiper-slide-inner{align-items:flex-start}.elementor--v-position-bottom .swiper-slide-inner{align-items:flex-end}.elementor--v-position-middle .swiper-slide-inner{align-items:center}.elementor--h-position-left .swiper-slide-inner{justify-content:flex-start}.elementor--h-position-right .swiper-slide-inner{justify-content:flex-end}.elementor--h-position-center .swiper-slide-inner{justify-content:center}body.rtl .elementor-widget-slides .elementor-swiper-button-next{left:10px;right:auto}body.rtl .elementor-widget-slides .elementor-swiper-button-prev{right:10px;left:auto}.elementor-slides-wrapper div:not(.swiper-slide)>.swiper-slide-inner{display:none}@media (max-width:767px){.elementor-slides .swiper-slide-inner{padding:30px}.elementor-slides .swiper-slide-inner .elementor-slide-heading{font-size:23px;line-height:1;margin-bottom:15px}.elementor-slides .swiper-slide-inner .elementor-slide-description{font-size:13px;line-height:1.4;margin-bottom:15px}}<\/style>\t\t<div class=\"elementor-swiper\">\n\t\t\t<div class=\"elementor-slides-wrapper elementor-main-swiper swiper\" dir=\"ltr\" data-animation=\"fadeInUp\">\n\t\t\t\t<div class=\"swiper-wrapper elementor-slides\">\n\t\t\t\t\t\t\t\t\t\t<div class=\"elementor-repeater-item-f7902cc swiper-slide\"><div class=\"swiper-slide-bg elementor-ken-burns elementor-ken-burns--in\" role=\"img\"><\/div><div class=\"elementor-background-overlay\"><\/div><div class=\"swiper-slide-inner\" ><div class=\"swiper-slide-contents\"><div class=\"elementor-slide-heading\"><span class=\"leadin-hero\">Train With Brain<\/span><\/div><div class=\"elementor-slide-description\">Imprint<\/div><\/div><\/div><\/div>\t\t\t\t<\/div>\n\t\t\t\t\t\t\t<\/div>\n\t\t<\/div>\n\t\t\t\t<\/div>\n\t\t\t\t<\/div>\n\t\t\t\t<\/div>\n\t\t<div class=\"elementor-element elementor-element-3bba84ec e-flex e-con-boxed e-con e-parent\" data-id=\"3bba84ec\" data-element_type=\"container\">\n\t\t\t\t\t<div class=\"e-con-inner\">\n\t\t\t\t<div class=\"elementor-element elementor-element-6211c31e elementor-widget elementor-widget-heading\" data-id=\"6211c31e\" data-element_type=\"widget\" data-widget_type=\"heading.default\">\n\t\t\t\t<div class=\"elementor-widget-container\">\n\t\t\t<style>\/*! elementor - v3.23.0 - 05-08-2024 *\/\n.elementor-heading-title{padding:0;margin:0;line-height:1}.elementor-widget-heading .elementor-heading-title[class*=elementor-size-]>a{color:inherit;font-size:inherit;line-height:inherit}.elementor-widget-heading .elementor-heading-title.elementor-size-small{font-size:15px}.elementor-widget-heading .elementor-heading-title.elementor-size-medium{font-size:19px}.elementor-widget-heading .elementor-heading-title.elementor-size-large{font-size:29px}.elementor-widget-heading .elementor-heading-title.elementor-size-xl{font-size:39px}.elementor-widget-heading .elementor-heading-title.elementor-size-xxl{font-size:59px}<\/style><h2 class=\"elementor-heading-title elementor-size-default\">Imprint<\/h2>\t\t<\/div>\n\t\t\t\t<\/div>\n\t\t<div class=\"elementor-element elementor-element-66c1f6e e-flex e-con-boxed e-con e-child\" data-id=\"66c1f6e\" data-element_type=\"container\" data-settings=\"{&quot;background_background&quot;:&quot;classic&quot;}\">\n\t\t\t\t\t<div class=\"e-con-inner\">\n\t\t\t\t<div class=\"elementor-element elementor-element-7de86d6 elementor-widget elementor-widget-text-editor\" data-id=\"7de86d6\" data-element_type=\"widget\" data-widget_type=\"text-editor.default\">\n\t\t\t\t<div class=\"elementor-widget-container\">\n\t\t\t<style>\/*! elementor - v3.23.0 - 05-08-2024 *\/\n.elementor-widget-text-editor.elementor-drop-cap-view-stacked .elementor-drop-cap{background-color:#69727d;color:#fff}.elementor-widget-text-editor.elementor-drop-cap-view-framed .elementor-drop-cap{color:#69727d;border:3px solid;background-color:transparent}.elementor-widget-text-editor:not(.elementor-drop-cap-view-default) .elementor-drop-cap{margin-top:8px}.elementor-widget-text-editor:not(.elementor-drop-cap-view-default) .elementor-drop-cap-letter{width:1em;height:1em}.elementor-widget-text-editor .elementor-drop-cap{float:left;text-align:center;line-height:1;font-size:50px}.elementor-widget-text-editor .elementor-drop-cap-letter{display:inline-block}<\/style>\t\t\t\tTrain with Brain GmbH\nSpeicherstrasse 7\n60327 Frankfurt am Main\n\nHandelsregister: 103076\nRegistergericht: Frankfurt am Main\n\n<strong>Vertreten durch:<\/strong>\nMarkus Heinz\n<h3>Kontakt<\/h3>\nTelefon: 0049 17682035165\nE-Mail: m.heinz@train-with-brain.com\n<h3>Angaben zur Berufs\u00adhaftpflicht\u00adversicherung<\/h3>\n<strong>Name und Sitz des Versicherers:<\/strong>\nAllianz AG\nK\u00f6niginstra\u00dfe 28\n80802 M\u00fcnchen\n\n<strong>Geltungsraum der Versicherung:<\/strong>\nDeutschland\n<h3>Verbraucher\u00adstreit\u00adbeilegung\/Universal\u00adschlichtungs\u00adstelle<\/h3>\nWir sind nicht bereit oder verpflichtet, an Streitbeilegungsverfahren vor einer Verbraucherschlichtungsstelle teilzunehmen.\n<h3>Konzept und Umsetzung<\/h3>\n<a href=\"https:\/\/rasch.media\"><img decoding=\"async\" src=\"\/wp-content\/uploads\/2024\/08\/rasch.media_.png\"><\/a>\t\t\t\t\t\t<\/div>\n\t\t\t\t<\/div>\n\t\t\t\t\t<\/div>\n\t\t\t\t<\/div>\n\t\t\t\t\t<\/div>\n\t\t\t\t<\/div>\n\t\t\t\t<\/div>","protected":false},"excerpt":{"rendered":"<p>Train With BrainImpressum Impressum Train with Brain GmbH Speicherstrasse 7 60327 Frankfurt am Main Handelsregister: 103076 Registergericht: Frankfurt am Main Vertreten durch: Markus Heinz Kontakt Telefon: 0049 17682035165 E-Mail: m.heinz@train-with-brain.com Angaben zur Berufs\u00adhaftpflicht\u00adversicherung Name und Sitz des Versicherers: Allianz AG K\u00f6niginstra\u00dfe 28 80802 M\u00fcnchen Geltungsraum der Versicherung: Deutschland Verbraucher\u00adstreit\u00adbeilegung\/Universal\u00adschlichtungs\u00adstelle Wir sind nicht bereit oder verpflichtet, [&hellip;]<\/p>","protected":false},"author":1,"featured_media":0,"parent":0,"menu_order":0,"comment_status":"closed","ping_status":"closed","template":"","meta":{"inline_featured_image":false,"footnotes":""},"class_list":["post-2000","page","type-page","status-publish","hentry"],"yoast_head":"<!-- This site is optimized with the Yoast SEO plugin v23.3 - https:\/\/yoast.com\/wordpress\/plugins\/seo\/ -->\n<title>Impressum - train-with-brain.raschtemp.de<\/title>\n<meta name=\"robots\" content=\"index, follow, max-snippet:-1, max-image-preview:large, max-video-preview:-1\" \/>\n<link rel=\"canonical\" href=\"https:\/\/train-with-brain.com\/en\/impressum\/\" \/>\n<meta property=\"og:locale\" content=\"en_GB\" \/>\n<meta property=\"og:type\" content=\"article\" \/>\n<meta property=\"og:title\" content=\"Impressum - train-with-brain.raschtemp.de\" \/>\n<meta property=\"og:description\" content=\"Train With BrainImpressum Impressum Train with Brain GmbH Speicherstrasse 7 60327 Frankfurt am Main Handelsregister: 103076 Registergericht: Frankfurt am Main Vertreten durch: Markus Heinz Kontakt Telefon: 0049 17682035165 E-Mail: m.heinz@train-with-brain.com Angaben zur Berufs\u00adhaftpflicht\u00adversicherung Name und Sitz des Versicherers: Allianz AG K\u00f6niginstra\u00dfe 28 80802 M\u00fcnchen Geltungsraum der Versicherung: Deutschland Verbraucher\u00adstreit\u00adbeilegung\/Universal\u00adschlichtungs\u00adstelle Wir sind nicht bereit oder verpflichtet, [&hellip;]\" \/>\n<meta property=\"og:url\" content=\"https:\/\/train-with-brain.com\/en\/impressum\/\" \/>\n<meta property=\"og:site_name\" content=\"train-with-brain.raschtemp.de\" \/>\n<meta property=\"article:publisher\" content=\"https:\/\/www.facebook.com\/TrainWithBrain\" \/>\n<meta property=\"article:modified_time\" content=\"2024-08-28T22:44:19+00:00\" \/>\n<meta name=\"twitter:card\" content=\"summary_large_image\" \/>\n<meta name=\"twitter:label1\" content=\"Estimated reading time\" \/>\n\t<meta name=\"twitter:data1\" content=\"1 minute\" \/>\n<script type=\"application\/ld+json\" class=\"yoast-schema-graph\">{\"@context\":\"https:\/\/schema.org\",\"@graph\":[{\"@type\":\"WebPage\",\"@id\":\"https:\/\/train-with-brain.com\/impressum\/\",\"url\":\"https:\/\/train-with-brain.com\/impressum\/\",\"name\":\"Impressum - train-with-brain.raschtemp.de\",\"isPartOf\":{\"@id\":\"https:\/\/train-with-brain.com\/#website\"},\"datePublished\":\"2024-04-02T08:19:34+00:00\",\"dateModified\":\"2024-08-28T22:44:19+00:00\",\"breadcrumb\":{\"@id\":\"https:\/\/train-with-brain.com\/impressum\/#breadcrumb\"},\"inLanguage\":\"en-GB\",\"potentialAction\":[{\"@type\":\"ReadAction\",\"target\":[\"https:\/\/train-with-brain.com\/impressum\/\"]}]},{\"@type\":\"BreadcrumbList\",\"@id\":\"https:\/\/train-with-brain.com\/impressum\/#breadcrumb\",\"itemListElement\":[{\"@type\":\"ListItem\",\"position\":1,\"name\":\"Startseite\",\"item\":\"https:\/\/train-with-brain.com\/de\/\"},{\"@type\":\"ListItem\",\"position\":2,\"name\":\"Impressum\"}]},{\"@type\":\"WebSite\",\"@id\":\"https:\/\/train-with-brain.com\/#website\",\"url\":\"https:\/\/train-with-brain.com\/\",\"name\":\"Train With Brain - P\u00e4dagogische Sportprogramme f\u00fcr Kinder ab 3 Jahre\",\"description\":\"P\u00e4dagogische Sportprogramme f\u00fcr Kinder ab 3 Jahre\",\"publisher\":{\"@id\":\"https:\/\/train-with-brain.com\/#organization\"},\"alternateName\":\"Train With Brain\",\"potentialAction\":[{\"@type\":\"SearchAction\",\"target\":{\"@type\":\"EntryPoint\",\"urlTemplate\":\"https:\/\/train-with-brain.com\/?s={search_term_string}\"},\"query-input\":\"required name=search_term_string\"}],\"inLanguage\":\"en-GB\"},{\"@type\":\"Organization\",\"@id\":\"https:\/\/train-with-brain.com\/#organization\",\"name\":\"Train With Brain - P\u00e4dagogische Sportprogramme f\u00fcr Kinder ab 3 Jahre\",\"alternateName\":\"Train With Brain\",\"url\":\"https:\/\/train-with-brain.com\/\",\"logo\":{\"@type\":\"ImageObject\",\"inLanguage\":\"en-GB\",\"@id\":\"https:\/\/train-with-brain.com\/#\/schema\/logo\/image\/\",\"url\":\"https:\/\/train-with-brain.com\/wp-content\/uploads\/2024\/02\/train-with-brain-logo.svg\",\"contentUrl\":\"https:\/\/train-with-brain.com\/wp-content\/uploads\/2024\/02\/train-with-brain-logo.svg\",\"width\":373,\"height\":239,\"caption\":\"Train With Brain - P\u00e4dagogische Sportprogramme f\u00fcr Kinder ab 3 Jahre\"},\"image\":{\"@id\":\"https:\/\/train-with-brain.com\/#\/schema\/logo\/image\/\"},\"sameAs\":[\"https:\/\/www.facebook.com\/TrainWithBrain\",\"https:\/\/www.instagram.com\/trainwithbrain_sports_program\/\"]}]}<\/script>\n<!-- \/ Yoast SEO plugin. -->","yoast_head_json":{"title":"Impressum - train-with-brain.raschtemp.de","robots":{"index":"index","follow":"follow","max-snippet":"max-snippet:-1","max-image-preview":"max-image-preview:large","max-video-preview":"max-video-preview:-1"},"canonical":"https:\/\/train-with-brain.com\/en\/impressum\/","og_locale":"en_GB","og_type":"article","og_title":"Impressum - train-with-brain.raschtemp.de","og_description":"Train With BrainImpressum Impressum Train with Brain GmbH Speicherstrasse 7 60327 Frankfurt am Main Handelsregister: 103076 Registergericht: Frankfurt am Main Vertreten durch: Markus Heinz Kontakt Telefon: 0049 17682035165 E-Mail: m.heinz@train-with-brain.com Angaben zur Berufs\u00adhaftpflicht\u00adversicherung Name und Sitz des Versicherers: Allianz AG K\u00f6niginstra\u00dfe 28 80802 M\u00fcnchen Geltungsraum der Versicherung: Deutschland Verbraucher\u00adstreit\u00adbeilegung\/Universal\u00adschlichtungs\u00adstelle Wir sind nicht bereit oder verpflichtet, [&hellip;]","og_url":"https:\/\/train-with-brain.com\/en\/impressum\/","og_site_name":"train-with-brain.raschtemp.de","article_publisher":"https:\/\/www.facebook.com\/TrainWithBrain","article_modified_time":"2024-08-28T22:44:19+00:00","twitter_card":"summary_large_image","twitter_misc":{"Estimated reading time":"1 minute"},"schema":{"@context":"https:\/\/schema.org","@graph":[{"@type":"WebPage","@id":"https:\/\/train-with-brain.com\/impressum\/","url":"https:\/\/train-with-brain.com\/impressum\/","name":"Impressum - train-with-brain.raschtemp.de","isPartOf":{"@id":"https:\/\/train-with-brain.com\/#website"},"datePublished":"2024-04-02T08:19:34+00:00","dateModified":"2024-08-28T22:44:19+00:00","breadcrumb":{"@id":"https:\/\/train-with-brain.com\/impressum\/#breadcrumb"},"inLanguage":"en-GB","potentialAction":[{"@type":"ReadAction","target":["https:\/\/train-with-brain.com\/impressum\/"]}]},{"@type":"BreadcrumbList","@id":"https:\/\/train-with-brain.com\/impressum\/#breadcrumb","itemListElement":[{"@type":"ListItem","position":1,"name":"Startseite","item":"https:\/\/train-with-brain.com\/de\/"},{"@type":"ListItem","position":2,"name":"Impressum"}]},{"@type":"WebSite","@id":"https:\/\/train-with-brain.com\/#website","url":"https:\/\/train-with-brain.com\/","name":"Train With Brain - P\u00e4dagogische Sportprogramme f\u00fcr Kinder ab 3 Jahre","description":"P\u00e4dagogische Sportprogramme f\u00fcr Kinder ab 3 Jahre","publisher":{"@id":"https:\/\/train-with-brain.com\/#organization"},"alternateName":"Train With Brain","potentialAction":[{"@type":"SearchAction","target":{"@type":"EntryPoint","urlTemplate":"https:\/\/train-with-brain.com\/?s={search_term_string}"},"query-input":"required name=search_term_string"}],"inLanguage":"en-GB"},{"@type":"Organization","@id":"https:\/\/train-with-brain.com\/#organization","name":"Train With Brain - P\u00e4dagogische Sportprogramme f\u00fcr Kinder ab 3 Jahre","alternateName":"Train With Brain","url":"https:\/\/train-with-brain.com\/","logo":{"@type":"ImageObject","inLanguage":"en-GB","@id":"https:\/\/train-with-brain.com\/#\/schema\/logo\/image\/","url":"https:\/\/train-with-brain.com\/wp-content\/uploads\/2024\/02\/train-with-brain-logo.svg","contentUrl":"https:\/\/train-with-brain.com\/wp-content\/uploads\/2024\/02\/train-with-brain-logo.svg","width":373,"height":239,"caption":"Train With Brain - P\u00e4dagogische Sportprogramme f\u00fcr Kinder ab 3 Jahre"},"image":{"@id":"https:\/\/train-with-brain.com\/#\/schema\/logo\/image\/"},"sameAs":["https:\/\/www.facebook.com\/TrainWithBrain","https:\/\/www.instagram.com\/trainwithbrain_sports_program\/"]}]}},"_links":{"self":[{"href":"https:\/\/train-with-brain.com\/en\/wp-json\/wp\/v2\/pages\/2000","targetHints":{"allow":["GET"]}}],"collection":[{"href":"https:\/\/train-with-brain.com\/en\/wp-json\/wp\/v2\/pages"}],"about":[{"href":"https:\/\/train-with-brain.com\/en\/wp-json\/wp\/v2\/types\/page"}],"author":[{"embeddable":true,"href":"https:\/\/train-with-brain.com\/en\/wp-json\/wp\/v2\/users\/1"}],"replies":[{"embeddable":true,"href":"https:\/\/train-with-brain.com\/en\/wp-json\/wp\/v2\/comments?post=2000"}],"version-history":[{"count":10,"href":"https:\/\/train-with-brain.com\/en\/wp-json\/wp\/v2\/pages\/2000\/revisions"}],"predecessor-version":[{"id":2627,"href":"https:\/\/train-with-brain.com\/en\/wp-json\/wp\/v2\/pages\/2000\/revisions\/2627"}],"wp:attachment":[{"href":"https:\/\/train-with-brain.com\/en\/wp-json\/wp\/v2\/media?parent=2000"}],"curies":[{"name":"wp","href":"https:\/\/api.w.org\/{rel}","templated":true}]}}